{"id":1731,"date":"2023-08-15T21:41:00","date_gmt":"2023-08-16T00:41:00","guid":{"rendered":"https:\/\/agenciavime.com\/agencia\/?page_id=1731"},"modified":"2023-08-15T21:46:09","modified_gmt":"2023-08-16T00:46:09","slug":"politica-de-recrutamento-e-selecao","status":"publish","type":"page","link":"https:\/\/agenciavime.com\/agencia\/politica-de-recrutamento-e-selecao\/","title":{"rendered":"Pol\u00edtica de Recrutamento e Sele\u00e7\u00e3o"},"content":{"rendered":"<style>.elementor-1731 .elementor-element.elementor-element-77184f8{margin-top:150px;margin-bottom:150px;}.elementor-widget .tippy-tooltip .tippy-content{text-align:center;}<\/style>\t\t<div data-elementor-type=\"wp-page\" data-elementor-id=\"1731\" class=\"elementor elementor-1731\" data-elementor-post-type=\"page\">\n\t\t\t\t\t\t<section class=\"elementor-section elementor-top-section elementor-element elementor-element-77184f8 elementor-section-boxed elementor-section-height-default elementor-section-height-default\" data-id=\"77184f8\" data-element_type=\"section\">\n\t\t\t\t\t\t<div class=\"elementor-container elementor-column-gap-default\">\n\t\t\t\t\t<div class=\"elementor-column elementor-col-100 elementor-top-column elementor-element elementor-element-d8e0f92\" data-id=\"d8e0f92\" data-element_type=\"column\">\n\t\t\t<div class=\"elementor-widget-wrap elementor-element-populated\">\n\t\t\t\t\t\t<div class=\"elementor-element elementor-element-66f7ae0 elementor-widget elementor-widget-text-editor\" data-id=\"66f7ae0\" data-element_type=\"widget\" data-widget_type=\"text-editor.default\">\n\t\t\t\t<div class=\"elementor-widget-container\">\n\t\t\t\t\t\t\t\t\t<h3><strong>POL\u00cdTICA DE PRIVACIDADE E PROTE\u00c7\u00c3O DE DADOS<\/strong><\/h3><p>Pol\u00edtica v\u00e1lida a partir de 15 de agosto de 2023.<\/p><p>\u00a0<\/p><p>\u00a0<\/p><p><strong>RECRUTAMENTO E SELE\u00c7\u00c3O<\/strong><\/p><p>Ol\u00e1, se voc\u00ea est\u00e1 aqui \u00e9 porque quer fazer parte do Time da Vime Digital.<\/p><p>Leia nossa pol\u00edtica e entenda como elaborar e nos enviar o seu curr\u00edculo.<\/p><p>\u00c9 importante que voc\u00ea entenda seus direitos no que diz respeito aos seus dados pessoais coletados atrav\u00e9s do envio do seu curr\u00edculo aqui pelo site, bem como os dados coletados no decorrer do nosso processo seletivo.<\/p><p><strong>DADOS COLETADOS<\/strong><\/p><p>Os dados pessoais coletados atrav\u00e9s deste cadastro s\u00e3o:<\/p><p>Seu nome.<\/p><p>Seu e-mail.<\/p><p>Seu telefone.<\/p><p>Atrav\u00e9s deste cadastro, o titular interessado em se candidatar \u00e0s oportunidades dispon\u00edveis tem a op\u00e7\u00e3o de fazer upload do seu curr\u00edculo em nosso site.<\/p><p>\u00a0<\/p><p><strong>O QUE QUEREMOS SABER DE VOC\u00ca: <\/strong><\/p><p><strong>\u00a0<\/strong><span style=\"color: var( --e-global-color-text );\">Orientamos que voc\u00ea preencha o seu curr\u00edculo somente com os dados estritamente necess\u00e1rios, tais como:<\/span><\/p><p>Nome, e-mail, telefone, cidade e estado que reside;<\/p><p>Categoria e n\u00famero de registro da CNH se possuir (Para candidatar-se \u00e0s oportunidades em que \u00e9 obrigat\u00f3rio possuir CNH).<\/p><p>Experi\u00eancias profissionais: empresa com cargo, data de in\u00edcio e t\u00e9rmino, trabalho atual, principais atividades, pretens\u00e3o de cargos, fun\u00e7\u00f5es e pretens\u00e3o salarial;<\/p><p>Forma\u00e7\u00e3o acad\u00eamica: Nome da forma\u00e7\u00e3o, tipo da forma\u00e7\u00e3o, institui\u00e7\u00e3o, ano de in\u00edcio e fim, observa\u00e7\u00f5es sobre o curso;<\/p><p>Cursos complementares: Nome do curso, institui\u00e7\u00e3o, ano de conclus\u00e3o, dura\u00e7\u00e3o e carga hor\u00e1ria, observa\u00e7\u00f5es sobre o curso.<\/p><p>\u00a0<\/p><p><strong>N\u00c3O TEMOS INTERESSE EM SABER: <\/strong><\/p><p>Sua orienta\u00e7\u00e3o sexual;<\/p><p>Suas informa\u00e7\u00f5es de sa\u00fade;<\/p><p>Sua idade;<\/p><p>Sua foto;<\/p><p>Seu endere\u00e7o completo, apenas seu bairro e cidade bastam;<\/p><p>Seu estado civil;<\/p><p>Se tem filhos ou informa\u00e7\u00f5es sobre eles;<\/p><p>Sua Ra\u00e7a;<\/p><p>Sua Religi\u00e3o;<\/p><p>Seu partido pol\u00edtico;<\/p><p>Seu sal\u00e1rio atual;<\/p><p>Se tem im\u00f3vel ou ve\u00edculo pr\u00f3prio.<\/p><p>Seu CPF, RG, t\u00edtulo de eleitor ou outro documento de identifica\u00e7\u00e3o pessoal.<\/p><p>Acredite, n\u00f3s n\u00e3o precisamos dessas informa\u00e7\u00f5es para avaliar a compatibilidade do seu perfil com nossas oportunidades de emprego, por essa raz\u00e3o, preferimos n\u00e3o as receber.<\/p><p>Apesar de existir a liberalidade de voc\u00ea colocar todos esses dados no seu curr\u00edculo, de acordo com a sua vontade, interpretamos que voc\u00ea est\u00e1 tornando esses dados p\u00fablicos para a Vime.<\/p><p>E apesar do nosso desinteresse nesses dados pessoais, estaremos resguardando-os com medidas t\u00e9cnicas e administrativas para a privacidade e prote\u00e7\u00e3o de dados conforme estabelecido pela Lei. 13.709\/18 &#8211; LGPD.<\/p><p>No decorrer do processo seletivo, ser\u00e1 importante sabermos sua condi\u00e7\u00e3o de sa\u00fade relacionada \u00e0 presen\u00e7a ou n\u00e3o de defici\u00eancia f\u00edsica.<\/p><p>Informa-se que essa informa\u00e7\u00e3o \u00e9 coletada para a possibilidade de inser\u00e7\u00e3o em programas de inclus\u00e3o de pessoas com qualquer tipo de defici\u00eancia no ambiente de trabalho, nos termos do Art. 34, \u00a71\u00ba e Art. 35 do Estatuto da Pessoa com Defici\u00eancia, tratando-se, portanto, de cumprimento de obriga\u00e7\u00e3o regulat\u00f3ria.<\/p><p>\u00a0<\/p><p><strong>FINALIDADE<\/strong><\/p><p>Voc\u00ea deve ter percebido que nos limitamos ao m\u00ednimo necess\u00e1rio quando se trata de coleta de dados pessoais, isso em respeito ao princ\u00edpio da necessidade constante na Lei Geral de Prote\u00e7\u00e3o de Dados.<\/p><p>Por essa raz\u00e3o, os dados coletados ao longo do processo seletivo t\u00eam como \u00fanica e exclusiva finalidade a contrata\u00e7\u00e3o de profissionais no nosso quadro.<\/p><p>Passado este processo, os dados coletados posteriormente ser\u00e3o aqueles necess\u00e1rios para efetivar o pacto laboral, justificando a coleta e tratamento destes a partir da execu\u00e7\u00e3o do contrato e cumprimento de obriga\u00e7\u00e3o legal\/regulat\u00f3ria para os dados inclu\u00eddos no E-Social e aqueles necess\u00e1rios para o cumprimento de outras legisla\u00e7\u00f5es.<\/p><p>\u00a0<\/p><p><strong>QUEM TEM ACESSO AOS MEUS DADOS?<\/strong><\/p><p><strong>\u00a0<\/strong><span style=\"color: var( --e-global-color-text );\">A \u00e1rea de Gest\u00e3o de Pessoas ter\u00e1 acesso aos seus dados pessoais aqui descritos durante o processo seletivo e tamb\u00e9m posteriormente, sendo voc\u00ea contratado ou n\u00e3o.<\/span><\/p><p><span style=\"color: var( --e-global-color-text );\">\u00a0<\/span><\/p><p><strong>Caso voc\u00ea se torne nosso colaborador: <\/strong><\/p><p><strong>\u00a0<\/strong><span style=\"color: var( --e-global-color-text );\">Nossa \u00e1rea de Gest\u00e3o de Pessoas ter\u00e1 acesso aos seus dados pessoais at\u00e9 que se encerre seu contrato de trabalho.<\/span><\/p><p>Posteriormente seus dados ser\u00e3o armazenados com a empresa pelo per\u00edodo de 5 (cinco) anos para fins jur\u00eddicos trabalhistas.<\/p><p>Alguns dos seus dados ficar\u00e3o retidos por 30 (trinta) anos para fins previdenci\u00e1rios.<\/p><p>Os consentimentos de uso de imagem e voz coletados para fins de endomarketing perder\u00e3o sua validade quando encerrar seu contrato de trabalho.<\/p><p>A n\u00e3o ser o consentimento de uso de imagem e voz CASO existam imagens ou v\u00eddeos seus veiculados em nossos canais midi\u00e1ticos ativos, neste caso, estar\u00e1 em vigor at\u00e9 a revoga\u00e7\u00e3o por sua iniciativa, que pode ocorrer em qualquer momento!\u00a0<\/p><p>\u00a0<\/p><p><strong>Caso voc\u00ea n\u00e3o entre para a nossa equipe: <\/strong><\/p><p><strong>\u00a0<\/strong><span style=\"color: var( --e-global-color-text );\">Essa situa\u00e7\u00e3o pode ocorrer por in\u00fameras raz\u00f5es e uma delas \u00e9 o fato do seu perfil n\u00e3o ter sido compat\u00edvel com a oportunidade pretendida no momento e por essa raz\u00e3o, temos um banco de talentos.<\/span><\/p><p>O seu curr\u00edculo ficar\u00e1 armazenado em nosso banco de talentos pelo per\u00edodo de 1 ano, ap\u00f3s esse prazo, ser\u00e1 exclu\u00eddo permanentemente.<\/p><p>\u00a0<\/p><p><strong>MEUS DADOS SER\u00c3O COMPARTILHADOS COM ALGU\u00c9M? <\/strong><\/p><p><strong>\u00a0<\/strong><span style=\"color: var( --e-global-color-text );\">Caso voc\u00ea venha fazer parte do nosso time, seus dados ser\u00e3o compartilhados com:<\/span><\/p><ul><li>Contabilidade que nos presta servi\u00e7os;<\/li><li>Banco relativo ao pagamento do seu sal\u00e1rio;<\/li><\/ul><p>Visto que, a base legal para esses tratamentos est\u00e1 pautada na execu\u00e7\u00e3o do contrato de trabalho.<\/p><p>\u00a0<\/p><p><strong>SEUS DIREITOS<\/strong><\/p><p><strong>\u00a0<\/strong><span style=\"color: var( --e-global-color-text );\">Voc\u00ea pode obter esses direitos em rela\u00e7\u00e3o aos seus dados mediante requisi\u00e7\u00e3o (ser\u00e3o analisados os contextos inseridos na legisla\u00e7\u00e3o):<\/span><\/p><p><strong>\u00a0<\/strong><span style=\"color: var( --e-global-color-text );\">I &#8211; Confirma\u00e7\u00e3o da exist\u00eancia de tratamento;<\/span><\/p><p>II &#8211; Acesso aos dados;<\/p><p>III &#8211; corre\u00e7\u00e3o de dados incompletos, inexatos ou desatualizados;<\/p><p>IV &#8211; Anonimiza\u00e7\u00e3o, bloqueio ou elimina\u00e7\u00e3o de dados desnecess\u00e1rios, excessivos ou tratados em desconformidade com o disposto na LGPD;<\/p><p>V &#8211; Portabilidade dos dados a outro fornecedor de servi\u00e7o ou produto, mediante requisi\u00e7\u00e3o expressa, de acordo com a regulamenta\u00e7\u00e3o da autoridade nacional, observados os segredos comercial e industrial;\u00a0\u00a0<\/p><p>VI &#8211; Elimina\u00e7\u00e3o dos dados pessoais tratados com o consentimento do titular, exceto nas hip\u00f3teses previstas no art. 16 da LGPD;<\/p><p>VII &#8211; Informa\u00e7\u00e3o das entidades p\u00fablicas e privadas com as quais o controlador realizou uso compartilhado de dados;<\/p><p>VIII &#8211; Informa\u00e7\u00e3o sobre a possibilidade de n\u00e3o fornecer consentimento e sobre as consequ\u00eancias da negativa;<\/p><p>IX &#8211; Revoga\u00e7\u00e3o do consentimento, nos termos do \u00a7 5\u00ba do art. 8\u00ba da LGPD.<\/p><p>\u00a0<\/p><p><strong>COMO NOS CONTATAR<\/strong><\/p><p>Quaisquer requisi\u00e7\u00f5es relacionadas ao tratamento de dados pessoais realizado pela VIME, podem ser feitas atrav\u00e9s do contato direto conosco, atrav\u00e9s do e-mail: <a href=\"mailto:contato@vime.com.br\">contato@vime.com.br<\/a>.<\/p>\t\t\t\t\t\t\t\t<\/div>\n\t\t\t\t<\/div>\n\t\t\t\t\t<\/div>\n\t\t<\/div>\n\t\t\t\t\t<\/div>\n\t\t<\/section>\n\t\t\t\t<\/div>\n\t\t","protected":false},"excerpt":{"rendered":"<p>POL\u00cdTICA DE PRIVACIDADE E PROTE\u00c7\u00c3O DE DADOS Pol\u00edtica v\u00e1lida a partir de 15 de agosto de 2023. \u00a0 \u00a0 RECRUTAMENTO E SELE\u00c7\u00c3O Ol\u00e1, se voc\u00ea est\u00e1 aqui \u00e9 porque quer fazer parte do Time da Vime Digital. Leia nossa pol\u00edtica e entenda como elaborar e nos enviar o seu curr\u00edculo. \u00c9 importante que voc\u00ea entenda [&hellip;]<\/p>\n","protected":false},"author":1,"featured_media":0,"parent":0,"menu_order":0,"comment_status":"closed","ping_status":"closed","template":"elementor_header_footer","meta":{"_acf_changed":false,"_joinchat":[],"footnotes":""},"class_list":["post-1731","page","type-page","status-publish","hentry"],"acf":[],"yoast_head":"<!-- This site is optimized with the Yoast SEO plugin v25.1 - https:\/\/yoast.com\/wordpress\/plugins\/seo\/ -->\n<title>Pol\u00edtica de Recrutamento e Sele\u00e7\u00e3o - Vime Digital<\/title>\n<meta name=\"robots\" content=\"index, follow, max-snippet:-1, max-image-preview:large, max-video-preview:-1\" \/>\n<link rel=\"canonical\" href=\"https:\/\/agenciavime.com\/agencia\/politica-de-recrutamento-e-selecao\/\" \/>\n<meta property=\"og:locale\" content=\"en_US\" \/>\n<meta property=\"og:type\" content=\"article\" \/>\n<meta property=\"og:title\" content=\"Pol\u00edtica de Recrutamento e Sele\u00e7\u00e3o - Vime Digital\" \/>\n<meta property=\"og:description\" content=\"POL\u00cdTICA DE PRIVACIDADE E PROTE\u00c7\u00c3O DE DADOS Pol\u00edtica v\u00e1lida a partir de 15 de agosto de 2023. \u00a0 \u00a0 RECRUTAMENTO E SELE\u00c7\u00c3O Ol\u00e1, se voc\u00ea est\u00e1 aqui \u00e9 porque quer fazer parte do Time da Vime Digital. Leia nossa pol\u00edtica e entenda como elaborar e nos enviar o seu curr\u00edculo. \u00c9 importante que voc\u00ea entenda [&hellip;]\" \/>\n<meta property=\"og:url\" content=\"https:\/\/agenciavime.com\/agencia\/politica-de-recrutamento-e-selecao\/\" \/>\n<meta property=\"og:site_name\" content=\"Vime Digital\" \/>\n<meta property=\"article:publisher\" content=\"https:\/\/www.facebook.com\/vimedigital\" \/>\n<meta property=\"article:modified_time\" content=\"2023-08-16T00:46:09+00:00\" \/>\n<meta name=\"twitter:card\" content=\"summary_large_image\" \/>\n<meta name=\"twitter:label1\" content=\"Est. reading time\" \/>\n\t<meta name=\"twitter:data1\" content=\"6 minutes\" \/>\n<script type=\"application\/ld+json\" class=\"yoast-schema-graph\">{\"@context\":\"https:\/\/schema.org\",\"@graph\":[{\"@type\":\"WebPage\",\"@id\":\"https:\/\/agenciavime.com\/agencia\/politica-de-recrutamento-e-selecao\/\",\"url\":\"https:\/\/agenciavime.com\/agencia\/politica-de-recrutamento-e-selecao\/\",\"name\":\"Pol\u00edtica de Recrutamento e Sele\u00e7\u00e3o - Vime Digital\",\"isPartOf\":{\"@id\":\"https:\/\/agenciavime.com\/agencia\/#website\"},\"datePublished\":\"2023-08-16T00:41:00+00:00\",\"dateModified\":\"2023-08-16T00:46:09+00:00\",\"breadcrumb\":{\"@id\":\"https:\/\/agenciavime.com\/agencia\/politica-de-recrutamento-e-selecao\/#breadcrumb\"},\"inLanguage\":\"en-US\",\"potentialAction\":[{\"@type\":\"ReadAction\",\"target\":[\"https:\/\/agenciavime.com\/agencia\/politica-de-recrutamento-e-selecao\/\"]}]},{\"@type\":\"BreadcrumbList\",\"@id\":\"https:\/\/agenciavime.com\/agencia\/politica-de-recrutamento-e-selecao\/#breadcrumb\",\"itemListElement\":[{\"@type\":\"ListItem\",\"position\":1,\"name\":\"In\u00edcio\",\"item\":\"https:\/\/agenciavime.com\/agencia\/\"},{\"@type\":\"ListItem\",\"position\":2,\"name\":\"Pol\u00edtica de Recrutamento e Sele\u00e7\u00e3o\"}]},{\"@type\":\"WebSite\",\"@id\":\"https:\/\/agenciavime.com\/agencia\/#website\",\"url\":\"https:\/\/agenciavime.com\/agencia\/\",\"name\":\"Vime Digital\",\"description\":\"\",\"publisher\":{\"@id\":\"https:\/\/agenciavime.com\/agencia\/#organization\"},\"potentialAction\":[{\"@type\":\"SearchAction\",\"target\":{\"@type\":\"EntryPoint\",\"urlTemplate\":\"https:\/\/agenciavime.com\/agencia\/?s={search_term_string}\"},\"query-input\":{\"@type\":\"PropertyValueSpecification\",\"valueRequired\":true,\"valueName\":\"search_term_string\"}}],\"inLanguage\":\"en-US\"},{\"@type\":\"Organization\",\"@id\":\"https:\/\/agenciavime.com\/agencia\/#organization\",\"name\":\"Vime Digital\",\"url\":\"https:\/\/agenciavime.com\/agencia\/\",\"logo\":{\"@type\":\"ImageObject\",\"inLanguage\":\"en-US\",\"@id\":\"https:\/\/agenciavime.com\/agencia\/#\/schema\/logo\/image\/\",\"url\":\"https:\/\/agenciavime.com\/agencia\/wp-content\/uploads\/2022\/06\/Logo-da-Vime.png\",\"contentUrl\":\"https:\/\/agenciavime.com\/agencia\/wp-content\/uploads\/2022\/06\/Logo-da-Vime.png\",\"width\":2467,\"height\":913,\"caption\":\"Vime Digital\"},\"image\":{\"@id\":\"https:\/\/agenciavime.com\/agencia\/#\/schema\/logo\/image\/\"},\"sameAs\":[\"https:\/\/www.facebook.com\/vimedigital\",\"https:\/\/www.instagram.com\/vimedigital\/\"]}]}<\/script>\n<!-- \/ Yoast SEO plugin. -->","yoast_head_json":{"title":"Pol\u00edtica de Recrutamento e Sele\u00e7\u00e3o - Vime Digital","robots":{"index":"index","follow":"follow","max-snippet":"max-snippet:-1","max-image-preview":"max-image-preview:large","max-video-preview":"max-video-preview:-1"},"canonical":"https:\/\/agenciavime.com\/agencia\/politica-de-recrutamento-e-selecao\/","og_locale":"en_US","og_type":"article","og_title":"Pol\u00edtica de Recrutamento e Sele\u00e7\u00e3o - Vime Digital","og_description":"POL\u00cdTICA DE PRIVACIDADE E PROTE\u00c7\u00c3O DE DADOS Pol\u00edtica v\u00e1lida a partir de 15 de agosto de 2023. \u00a0 \u00a0 RECRUTAMENTO E SELE\u00c7\u00c3O Ol\u00e1, se voc\u00ea est\u00e1 aqui \u00e9 porque quer fazer parte do Time da Vime Digital. Leia nossa pol\u00edtica e entenda como elaborar e nos enviar o seu curr\u00edculo. \u00c9 importante que voc\u00ea entenda [&hellip;]","og_url":"https:\/\/agenciavime.com\/agencia\/politica-de-recrutamento-e-selecao\/","og_site_name":"Vime Digital","article_publisher":"https:\/\/www.facebook.com\/vimedigital","article_modified_time":"2023-08-16T00:46:09+00:00","twitter_card":"summary_large_image","twitter_misc":{"Est. reading time":"6 minutes"},"schema":{"@context":"https:\/\/schema.org","@graph":[{"@type":"WebPage","@id":"https:\/\/agenciavime.com\/agencia\/politica-de-recrutamento-e-selecao\/","url":"https:\/\/agenciavime.com\/agencia\/politica-de-recrutamento-e-selecao\/","name":"Pol\u00edtica de Recrutamento e Sele\u00e7\u00e3o - Vime Digital","isPartOf":{"@id":"https:\/\/agenciavime.com\/agencia\/#website"},"datePublished":"2023-08-16T00:41:00+00:00","dateModified":"2023-08-16T00:46:09+00:00","breadcrumb":{"@id":"https:\/\/agenciavime.com\/agencia\/politica-de-recrutamento-e-selecao\/#breadcrumb"},"inLanguage":"en-US","potentialAction":[{"@type":"ReadAction","target":["https:\/\/agenciavime.com\/agencia\/politica-de-recrutamento-e-selecao\/"]}]},{"@type":"BreadcrumbList","@id":"https:\/\/agenciavime.com\/agencia\/politica-de-recrutamento-e-selecao\/#breadcrumb","itemListElement":[{"@type":"ListItem","position":1,"name":"In\u00edcio","item":"https:\/\/agenciavime.com\/agencia\/"},{"@type":"ListItem","position":2,"name":"Pol\u00edtica de Recrutamento e Sele\u00e7\u00e3o"}]},{"@type":"WebSite","@id":"https:\/\/agenciavime.com\/agencia\/#website","url":"https:\/\/agenciavime.com\/agencia\/","name":"Vime Digital","description":"","publisher":{"@id":"https:\/\/agenciavime.com\/agencia\/#organization"},"potentialAction":[{"@type":"SearchAction","target":{"@type":"EntryPoint","urlTemplate":"https:\/\/agenciavime.com\/agencia\/?s={search_term_string}"},"query-input":{"@type":"PropertyValueSpecification","valueRequired":true,"valueName":"search_term_string"}}],"inLanguage":"en-US"},{"@type":"Organization","@id":"https:\/\/agenciavime.com\/agencia\/#organization","name":"Vime Digital","url":"https:\/\/agenciavime.com\/agencia\/","logo":{"@type":"ImageObject","inLanguage":"en-US","@id":"https:\/\/agenciavime.com\/agencia\/#\/schema\/logo\/image\/","url":"https:\/\/agenciavime.com\/agencia\/wp-content\/uploads\/2022\/06\/Logo-da-Vime.png","contentUrl":"https:\/\/agenciavime.com\/agencia\/wp-content\/uploads\/2022\/06\/Logo-da-Vime.png","width":2467,"height":913,"caption":"Vime Digital"},"image":{"@id":"https:\/\/agenciavime.com\/agencia\/#\/schema\/logo\/image\/"},"sameAs":["https:\/\/www.facebook.com\/vimedigital","https:\/\/www.instagram.com\/vimedigital\/"]}]}},"_links":{"self":[{"href":"https:\/\/agenciavime.com\/agencia\/wp-json\/wp\/v2\/pages\/1731","targetHints":{"allow":["GET"]}}],"collection":[{"href":"https:\/\/agenciavime.com\/agencia\/wp-json\/wp\/v2\/pages"}],"about":[{"href":"https:\/\/agenciavime.com\/agencia\/wp-json\/wp\/v2\/types\/page"}],"author":[{"embeddable":true,"href":"https:\/\/agenciavime.com\/agencia\/wp-json\/wp\/v2\/users\/1"}],"replies":[{"embeddable":true,"href":"https:\/\/agenciavime.com\/agencia\/wp-json\/wp\/v2\/comments?post=1731"}],"version-history":[{"count":17,"href":"https:\/\/agenciavime.com\/agencia\/wp-json\/wp\/v2\/pages\/1731\/revisions"}],"predecessor-version":[{"id":1874,"href":"https:\/\/agenciavime.com\/agencia\/wp-json\/wp\/v2\/pages\/1731\/revisions\/1874"}],"wp:attachment":[{"href":"https:\/\/agenciavime.com\/agencia\/wp-json\/wp\/v2\/media?parent=1731"}],"curies":[{"name":"wp","href":"https:\/\/api.w.org\/{rel}","templated":true}]}}